{"id":148,"date":"2022-06-11T08:59:15","date_gmt":"2022-06-11T08:59:15","guid":{"rendered":"http:\/\/gotlandsdykarklubb.se\/?page_id=148"},"modified":"2022-08-16T13:57:46","modified_gmt":"2022-08-16T13:57:46","slug":"hyra-utrustning","status":"publish","type":"page","link":"https:\/\/gotlandsdykarklubb.se\/index.php\/hyra-utrustning\/","title":{"rendered":"Hyra utrustning"},"content":{"rendered":"\n<p>Som medlem i klubben finns m\u00f6jlighet att hyra utrustning till f\u00f6rm\u00e5nliga priser, som icke-medlem \u00e4r det dubbel avgift.<\/p>\n\n\n\n<p>F\u00f6r att klubben ska ha ordentlig koll p\u00e5 hur mycket utrustningen anv\u00e4nds kr\u00e4vs att ni kontaktar en av materialansvariga f\u00f6re uthyrning av utrustning.<\/p>\n\n\n\n<p>Klubben har olika utrustning, vilken kan bokas av medlemmar. Utrustning ska alltid bokas, b\u00e5de vid kurser, klubbdyk och spontandyk.<\/p>\n\n\n\n<p>Som klubbmedlem har m\u00f6jlighet att hyra delar av klubbens dykutrustning. Utrustningen m\u00e5ste bokas innan avh\u00e4mtning i klubbens bokningssystem.<\/p>\n\n\n\n<p>Regler f\u00f6r hyra av utrustning finns i klubbens\u00a0regelverk.<br>Avgiften betalas till klubbens Swish nummer eller till klubbens bankgiro. Se\u00a0Om Klubben\u00a0f\u00f6r Swish och <\/p>\n\n\n\n<figure class=\"wp-block-table\"><table><tbody><tr><td><strong>Utrustning<\/strong><\/td><td><strong>Dygn<\/strong><\/td><td><strong>Helg<\/strong><\/td><td><strong>Vecka<\/strong><\/td><\/tr><tr><td>Luftpaket (BCD, flaska, regulator)<\/td><td>150 kr<\/td><td>300 kr<\/td><td>750 kr<\/td><\/tr><tr><td>Komplett utrustning med luftpaket och v\u00e5tdr\u00e4kt<\/td><td>400 kr<\/td><td>800 kr<\/td><td>1600 kr<\/td><\/tr><\/tbody><\/table><\/figure>\n\n\n\n<figure class=\"wp-block-table is-style-stripes\"><table><tbody><tr><td><strong>Utrustning<\/strong><\/td><td><strong>Dygn<\/strong><\/td><td><strong>Helg<\/strong><\/td><td><strong>Vecka<\/strong><\/td><\/tr><tr><td>Mask, snorkel &amp; fenor                                           <\/td><td>100 kr<\/td><td>200 kr<\/td><td>400 kr<\/td><\/tr><tr><td>Torrdr\u00e4kt inkl. huva &amp; handskar<\/td><td>200 kr<\/td><td>400 kr<\/td><td>800 kr<\/td><\/tr><tr><td>V\u00e5tdr\u00e4kt inkl. huva &amp; handskar<\/td><td>75 kr<\/td><td>150 kr<\/td><td>300 kr<\/td><\/tr><tr><td>Fylld flaska<\/td><td>50 kr<\/td><td>150 kr<\/td><td>350 kr<\/td><\/tr><tr><td>BCD\/v\u00e4st<\/td><td>50 kr<\/td><td>150 kr<\/td><td>350 kr<\/td><\/tr><tr><td>Dykdator<\/td><td>50 kr<\/td><td>150 kr<\/td><td>350 kr<\/td><\/tr><tr><td>Regulator <\/td><td>50 kr<\/td><td>150 kr<\/td><td>350 kr<\/td><\/tr><tr><td>Mask &amp; snorkel<\/td><td>50 kr<\/td><td>150 kr<\/td><td>350 kr<\/td><\/tr><tr><td>Boots<\/td><td>50 kr<\/td><td>150 kr<\/td><td>350 kr<\/td><\/tr><tr><td>Handskar<\/td><td>50 kr<\/td><td>150 kr<\/td><td>350 kr<\/td><\/tr><tr><td>Fenor<\/td><td>50 kr<\/td><td>150 kr<\/td><td>350 kr<\/td><\/tr><tr><td>Viktb\u00e4lte med vikter<\/td><td>50 kr<\/td><td>150 kr<\/td><td>350 kr<\/td><\/tr><\/tbody><\/table><\/figure>\n","protected":false},"excerpt":{"rendered":"<p>Som medlem i klubben finns m\u00f6jlighet att hyra utrustning till f\u00f6rm\u00e5nliga priser, som icke-medlem \u00e4r det dubbel avgift. F\u00f6r att klubben ska ha ordentlig koll p\u00e5 hur mycket utrustningen anv\u00e4nds kr\u00e4vs att ni kontaktar en av materialansvariga f\u00f6re uthyrning av utrustning. Klubben har olika utrustning, vilken kan bokas av medlemmar. [&hellip;]<\/p>\n","protected":false},"author":1,"featured_media":0,"parent":0,"menu_order":0,"comment_status":"closed","ping_status":"closed","template":"","meta":{"inline_featured_image":false,"footnotes":""},"class_list":["post-148","page","type-page","status-publish","hentry"],"_links":{"self":[{"href":"https:\/\/gotlandsdykarklubb.se\/index.php\/wp-json\/wp\/v2\/pages\/148","targetHints":{"allow":["GET"]}}],"collection":[{"href":"https:\/\/gotlandsdykarklubb.se\/index.php\/wp-json\/wp\/v2\/pages"}],"about":[{"href":"https:\/\/gotlandsdykarklubb.se\/index.php\/wp-json\/wp\/v2\/types\/page"}],"author":[{"embeddable":true,"href":"https:\/\/gotlandsdykarklubb.se\/index.php\/wp-json\/wp\/v2\/users\/1"}],"replies":[{"embeddable":true,"href":"https:\/\/gotlandsdykarklubb.se\/index.php\/wp-json\/wp\/v2\/comments?post=148"}],"version-history":[{"count":6,"href":"https:\/\/gotlandsdykarklubb.se\/index.php\/wp-json\/wp\/v2\/pages\/148\/revisions"}],"predecessor-version":[{"id":725,"href":"https:\/\/gotlandsdykarklubb.se\/index.php\/wp-json\/wp\/v2\/pages\/148\/revisions\/725"}],"wp:attachment":[{"href":"https:\/\/gotlandsdykarklubb.se\/index.php\/wp-json\/wp\/v2\/media?parent=148"}],"curies":[{"name":"wp","href":"https:\/\/api.w.org\/{rel}","templated":true}]}}